{"id":8577,"date":"2025-11-05T13:56:55","date_gmt":"2025-11-05T13:56:55","guid":{"rendered":"https:\/\/lucrumtrust.ao\/?page_id=8577"},"modified":"2026-04-02T09:18:22","modified_gmt":"2026-04-02T09:18:22","slug":"ordens-do-dia","status":"publish","type":"page","link":"https:\/\/lucrumtrust.ao\/index.php\/ordens-do-dia\/","title":{"rendered":"Ordens do dia"},"content":{"rendered":"\t\t<div data-elementor-type=\"wp-page\" data-elementor-id=\"8577\" class=\"elementor elementor-8577\" data-elementor-settings=\"{&quot;ha_cmc_init_switcher&quot;:&quot;no&quot;}\" data-elementor-post-type=\"page\">\n\t\t\t\t<div class=\"elementor-element elementor-element-3d39293 e-flex e-con-boxed wpr-particle-no wpr-jarallax-no wpr-parallax-no wpr-sticky-section-no wpr-equal-height-no e-con e-parent\" data-id=\"3d39293\" data-element_type=\"container\" data-e-type=\"container\" data-settings=\"{&quot;background_background&quot;:&quot;classic&quot;,&quot;_ha_eqh_enable&quot;:false}\">\n\t\t\t\t\t<div class=\"e-con-inner\">\n\t\t\t\t<div class=\"elementor-element elementor-element-e1265d1 elementor-widget elementor-widget-heading\" data-id=\"e1265d1\" data-element_type=\"widget\" data-e-type=\"widget\" data-widget_type=\"heading.default\">\n\t\t\t\t<div class=\"elementor-widget-container\">\n\t\t\t\t\t<h2 class=\"elementor-heading-title elementor-size-default\">ORDENS DO DIA <\/h2>\t\t\t\t<\/div>\n\t\t\t\t<\/div>\n\t\t\t\t\t<\/div>\n\t\t\t\t<\/div>\n\t\t<div class=\"elementor-element elementor-element-99aaa35 e-con-full e-flex wpr-particle-no wpr-jarallax-no wpr-parallax-no wpr-sticky-section-no wpr-equal-height-no e-con e-parent\" data-id=\"99aaa35\" data-element_type=\"container\" data-e-type=\"container\" data-settings=\"{&quot;_ha_eqh_enable&quot;:false}\">\n\t\t\t\t<div class=\"elementor-element elementor-element-c237351 elementor-widget elementor-widget-ha-pdf-view happy-addon ha-pdf-view\" data-id=\"c237351\" data-element_type=\"widget\" data-e-type=\"widget\" data-widget_type=\"ha-pdf-view.default\">\n\t\t\t\t<div class=\"elementor-widget-container\">\n\t\t\t\t\t        <div class=\"pdf_viewer_container\">\n            <div class=\"pdf_viewer_options viewer-c237351\" data-pdf-settings=\"{&quot;unique_id&quot;:&quot;viewer-c237351&quot;,&quot;pdf_url&quot;:&quot;https:\\\/\\\/lucrumtrust.ao\\\/wp-content\\\/uploads\\\/2026\\\/04\\\/Ordens-Disponiveis-no-Mercado-02-04-2026.pdf&quot;,&quot;file_type&quot;:&quot;url&quot;,&quot;page_number&quot;:&quot;1&quot;,&quot;width&quot;:&quot;1200px&quot;,&quot;height&quot;:&quot;500px&quot;}\">\n\t\t\t\t<span class=\"ha-title-flex\">\n\t\t\t\t\t<span class=\"pdf-icon\">\n\t\t\t\t\t\t\t\t\t\t\t<\/span>\n\t\t\t\t\t\t\t\t\t<\/span>\n\t\t\t\t                <div class=\"pdf-button\">\n                                <\/div>\n            <\/div>\n\n\t\t\t<div>\n\t\t\t\t<div id=\"viewer-c237351\"><\/div>\n\t\t\t<\/div>\n\n        <\/div>\n        \t\t\t\t<\/div>\n\t\t\t\t<\/div>\n\t\t\t\t<\/div>\n\t\t<div class=\"elementor-element elementor-element-a18e6da e-flex e-con-boxed wpr-particle-no wpr-jarallax-no wpr-parallax-no wpr-sticky-section-no wpr-equal-height-no e-con e-parent\" data-id=\"a18e6da\" data-element_type=\"container\" data-e-type=\"container\" data-settings=\"{&quot;_ha_eqh_enable&quot;:false}\">\n\t\t\t\t\t<div class=\"e-con-inner\">\n\t\t\t\t<div class=\"elementor-element elementor-element-6dd0992 elementor-widget elementor-widget-heading\" data-id=\"6dd0992\" data-element_type=\"widget\" data-e-type=\"widget\" data-widget_type=\"heading.default\">\n\t\t\t\t<div class=\"elementor-widget-container\">\n\t\t\t\t\t<h2 class=\"elementor-heading-title elementor-size-default\">\u26a0\ufe0f Alerta aos Investidores<\/h2>\t\t\t\t<\/div>\n\t\t\t\t<\/div>\n\t\t\t\t<div class=\"elementor-element elementor-element-fefa032 elementor-widget elementor-widget-text-editor\" data-id=\"fefa032\" data-element_type=\"widget\" data-e-type=\"widget\" data-widget_type=\"text-editor.default\">\n\t\t\t\t<div class=\"elementor-widget-container\">\n\t\t\t\t\t\t\t\t\t<p>As ordens transmitidas via Internet est\u00e3o sujeitas \u00e0 verifica\u00e7\u00e3o pr\u00e9via da sua regularidade, podendo ser recusadas ou n\u00e3o executadas caso n\u00e3o cumpram os requisitos aplic\u00e1veis. Recomenda-se a valida\u00e7\u00e3o cuidadosa de todas as informa\u00e7\u00f5es antes do envio e a utiliza\u00e7\u00e3o exclusiva dos canais oficiais autorizados.<\/p>\t\t\t\t\t\t\t\t<\/div>\n\t\t\t\t<\/div>\n\t\t\t\t\t<\/div>\n\t\t\t\t<\/div>\n\t\t\t\t<\/div>\n\t\t","protected":false},"excerpt":{"rendered":"<p>ORDENS DO DIA \u26a0\ufe0f Alerta aos Investidores As ordens transmitidas via Internet est\u00e3o sujeitas \u00e0 verifica\u00e7\u00e3o pr\u00e9via da sua regularidade, podendo ser recusadas ou n\u00e3o executadas caso n\u00e3o cumpram os requisitos aplic\u00e1veis. Recomenda-se a valida\u00e7\u00e3o cuidadosa de todas as informa\u00e7\u00f5es antes do envio e a utiliza\u00e7\u00e3o exclusiva dos canais oficiais autorizados.<\/p>\n","protected":false},"author":4,"featured_media":0,"parent":0,"menu_order":0,"comment_status":"closed","ping_status":"closed","template":"elementor_canvas","meta":{"_eb_attr":"","_uag_custom_page_level_css":"","two_page_speed":[],"_joinchat":[],"footnotes":""},"class_list":["post-8577","page","type-page","status-publish","hentry"],"uagb_featured_image_src":{"full":false,"thumbnail":false,"medium":false,"medium_large":false,"large":false,"1536x1536":false,"2048x2048":false,"trp-custom-language-flag":false,"htmega_size_585x295":false,"htmega_size_1170x536":false,"htmega_size_396x360":false,"mailpoet_newsletter_max":false,"tenweb_optimizer_mobile":false,"tenweb_optimizer_tablet":false},"uagb_author_info":{"display_name":"Manuel Gaspar","author_link":"https:\/\/lucrumtrust.ao\/index.php\/author\/manuelgasparcassule88gmail-com\/"},"uagb_comment_info":0,"uagb_excerpt":"ORDENS DO DIA \u26a0\ufe0f Alerta aos Investidores As ordens transmitidas via Internet est\u00e3o sujeitas \u00e0 verifica\u00e7\u00e3o pr\u00e9via da sua regularidade, podendo ser recusadas ou n\u00e3o executadas caso n\u00e3o cumpram os requisitos aplic\u00e1veis. Recomenda-se a valida\u00e7\u00e3o cuidadosa de todas as informa\u00e7\u00f5es antes do envio e a utiliza\u00e7\u00e3o exclusiva dos canais oficiais autorizados.","jetpack_sharing_enabled":true,"_links":{"self":[{"href":"https:\/\/lucrumtrust.ao\/index.php\/wp-json\/wp\/v2\/pages\/8577","targetHints":{"allow":["GET"]}}],"collection":[{"href":"https:\/\/lucrumtrust.ao\/index.php\/wp-json\/wp\/v2\/pages"}],"about":[{"href":"https:\/\/lucrumtrust.ao\/index.php\/wp-json\/wp\/v2\/types\/page"}],"author":[{"embeddable":true,"href":"https:\/\/lucrumtrust.ao\/index.php\/wp-json\/wp\/v2\/users\/4"}],"replies":[{"embeddable":true,"href":"https:\/\/lucrumtrust.ao\/index.php\/wp-json\/wp\/v2\/comments?post=8577"}],"version-history":[{"count":61,"href":"https:\/\/lucrumtrust.ao\/index.php\/wp-json\/wp\/v2\/pages\/8577\/revisions"}],"predecessor-version":[{"id":8902,"href":"https:\/\/lucrumtrust.ao\/index.php\/wp-json\/wp\/v2\/pages\/8577\/revisions\/8902"}],"wp:attachment":[{"href":"https:\/\/lucrumtrust.ao\/index.php\/wp-json\/wp\/v2\/media?parent=8577"}],"curies":[{"name":"wp","href":"https:\/\/api.w.org\/{rel}","templated":true}]}}