{"id":8523,"date":"2025-11-21T14:39:27","date_gmt":"2025-11-21T14:39:27","guid":{"rendered":"https:\/\/lucrumtrust.ao\/?page_id=8523"},"modified":"2025-11-21T14:40:13","modified_gmt":"2025-11-21T14:40:13","slug":"fundo-bfa-emerging","status":"publish","type":"page","link":"https:\/\/lucrumtrust.ao\/index.php\/fundo-bfa-emerging\/","title":{"rendered":"Fundo BFA EMERGING"},"content":{"rendered":"\t\t<div data-elementor-type=\"wp-page\" data-elementor-id=\"8523\" class=\"elementor elementor-8523\" data-elementor-settings=\"{&quot;ha_cmc_init_switcher&quot;:&quot;no&quot;}\">\n\t\t\t\t\t\t<section class=\"elementor-section elementor-top-section elementor-element elementor-element-590bcf6e elementor-section-height-min-height elementor-section-content-middle elementor-section-full_width elementor-section-height-default elementor-section-items-middle wpr-particle-no wpr-jarallax-no wpr-parallax-no wpr-sticky-section-no wpr-equal-height-no\" data-id=\"590bcf6e\" data-element_type=\"section\" data-e-type=\"section\" data-settings=\"{&quot;background_background&quot;:&quot;classic&quot;,&quot;_ha_eqh_enable&quot;:false}\">\n\t\t\t\t\t\t\t<div class=\"elementor-background-overlay\"><\/div>\n\t\t\t\t\t\t\t<div class=\"elementor-container elementor-column-gap-default\">\n\t\t\t\t\t<div class=\"elementor-column elementor-col-100 elementor-top-column elementor-element elementor-element-74b706a7\" data-id=\"74b706a7\" data-element_type=\"column\" data-e-type=\"column\">\n\t\t\t<div class=\"elementor-widget-wrap elementor-element-populated\">\n\t\t\t\t\t\t<div class=\"elementor-element elementor-element-e0286a8 wpr-fancy-text-rotate-1 wpr-advanced-text-style-animated wpr-animated-text-infinite-yes elementor-widget elementor-widget-wpr-advanced-text\" data-id=\"e0286a8\" data-element_type=\"widget\" data-e-type=\"widget\" data-settings=\"{&quot;anim_loop&quot;:&quot;yes&quot;}\" data-widget_type=\"wpr-advanced-text.default\">\n\t\t\t\t<div class=\"elementor-widget-container\">\n\t\t\t\t\t\n\t\t<h3 class=\"wpr-advanced-text\">\n\n\t\t\t\t\t\n\t\t\t\t\t\t\t<span class=\"wpr-advanced-text-preffix\">BFAAM EMERGING INCOME FUND<\/span>\n\t\t\t\n\t\t<span class=\"wpr-anim-text wpr-anim-text-type-rotate-1\" data-anim-duration=\"1000,2000\" data-anim-loop=\"yes\">\n\t\t\t<span class=\"wpr-anim-text-inner\">\n\t\t\t\t\t\t\t<\/span>\n\t\t\t\t\t<\/span>\n\n\t\t\t\t\n\t\t<\/h3>\n\t\t\n\t\t\t\t\t\t<\/div>\n\t\t\t\t<\/div>\n\t\t\t\t\t<\/div>\n\t\t<\/div>\n\t\t\t\t\t<\/div>\n\t\t<\/section>\n\t\t\t\t<section class=\"elementor-section elementor-top-section elementor-element elementor-element-4517b74b elementor-reverse-tablet elementor-reverse-mobile elementor-section-boxed elementor-section-height-default elementor-section-height-default wpr-particle-no wpr-jarallax-no wpr-parallax-no wpr-sticky-section-no wpr-equal-height-no\" data-id=\"4517b74b\" data-element_type=\"section\" data-e-type=\"section\" data-settings=\"{&quot;background_background&quot;:&quot;classic&quot;,&quot;_ha_eqh_enable&quot;:false}\">\n\t\t\t\t\t\t\t<div class=\"elementor-background-overlay\"><\/div>\n\t\t\t\t\t\t\t<div class=\"elementor-container elementor-column-gap-default\">\n\t\t\t\t\t<div class=\"elementor-column elementor-col-100 elementor-top-column elementor-element elementor-element-7ed435ae\" data-id=\"7ed435ae\" data-element_type=\"column\" data-e-type=\"column\" data-settings=\"{&quot;background_background&quot;:&quot;classic&quot;}\">\n\t\t\t<div class=\"elementor-widget-wrap elementor-element-populated\">\n\t\t\t\t\t\t<div class=\"elementor-element elementor-element-57152ac7 elementor-widget elementor-widget-heading\" data-id=\"57152ac7\" data-element_type=\"widget\" data-e-type=\"widget\" data-widget_type=\"heading.default\">\n\t\t\t\t<div class=\"elementor-widget-container\">\n\t\t\t\t\t<h5 class=\"elementor-heading-title elementor-size-default\">Fundo Especial de Investimento em Valores Mobili\u00e1rios Fechado<\/h5>\t\t\t\t<\/div>\n\t\t\t\t<\/div>\n\t\t\t\t<div class=\"elementor-element elementor-element-6125b9a elementor-widget elementor-widget-text-editor\" data-id=\"6125b9a\" data-element_type=\"widget\" data-e-type=\"widget\" data-widget_type=\"text-editor.default\">\n\t\t\t\t<div class=\"elementor-widget-container\">\n\t\t\t\t\t\t\t\t\t<p data-start=\"129\" data-end=\"241\"><strong data-start=\"129\" data-end=\"153\">OBJECTIVOS DO FUNDO:<\/strong><br>\u2022 Exposi\u00e7\u00e3o em mercados emergentes<br data-start=\"188\" data-end=\"191\">\u2022 Diversifica\u00e7\u00e3o geogr\u00e1fica<br data-start=\"218\" data-end=\"221\">\u2022 Prote\u00e7\u00e3o cambial<\/p><p data-start=\"129\" data-end=\"241\"><br><\/p>\n<p data-start=\"243\" data-end=\"295\"><strong data-start=\"243\" data-end=\"260\">P\u00daBLICO-ALVO:<\/strong><br data-start=\"260\" data-end=\"263\">\u2022 Institucionais e individuais<\/p><p data-start=\"243\" data-end=\"295\"><br><\/p>\n<p data-start=\"297\" data-end=\"350\"><strong data-start=\"297\" data-end=\"339\">VALOR DA UNIDADE DE PARTICIPA\u00c7\u00c3O (UP):<\/strong> 1.000 KZ<\/p>\n<p data-start=\"352\" data-end=\"396\"><strong data-start=\"352\" data-end=\"383\">VALOR M\u00cdNIMO DE SUBSCRI\u00c7\u00c3O:<\/strong> 100.000 KZ<\/p>\n<p data-start=\"398\" data-end=\"450\"><strong data-start=\"398\" data-end=\"424\">PER\u00cdODO DE SUBSCRI\u00c7\u00c3O:<\/strong> 30\/10\/2025 a 30\/12\/2025<\/p><p data-start=\"398\" data-end=\"450\"><span data-start=\"302\" data-end=\"317\" style=\"font-weight: bolder;\">Maturidade:<\/span>&nbsp;10 anos<\/p><p data-start=\"398\" data-end=\"450\"><br><\/p>\n<p data-start=\"452\" data-end=\"512\"><strong data-start=\"452\" data-end=\"465\">LIQUIDEZ:<\/strong><br data-start=\"465\" data-end=\"468\">\u2022 Cota\u00e7\u00f5es di\u00e1rias em mercados secund\u00e1rios<\/p>\n<p data-start=\"514\" data-end=\"560\"><strong data-start=\"514\" data-end=\"540\">VOLUME TOTAL DO FUNDO:<\/strong> 10.000.000.000 KZ<\/p>\n<p data-start=\"562\" data-end=\"595\"><strong data-start=\"562\" data-end=\"585\">TIPO DE SUBSCRI\u00c7\u00c3O:<\/strong> P\u00fablica<\/p>\t\t\t\t\t\t\t\t<\/div>\n\t\t\t\t<\/div>\n\t\t\t\t<div class=\"elementor-element elementor-element-5777d545 elementor-widget elementor-widget-heading\" data-id=\"5777d545\" data-element_type=\"widget\" data-e-type=\"widget\" data-widget_type=\"heading.default\">\n\t\t\t\t<div class=\"elementor-widget-container\">\n\t\t\t\t\t<h5 class=\"elementor-heading-title elementor-size-default\">Composi\u00e7\u00e3o da Carteira e Limites de Investimento (principais)<\/h5>\t\t\t\t<\/div>\n\t\t\t\t<\/div>\n\t\t\t\t<div class=\"elementor-element elementor-element-4aab3078 elementor-widget elementor-widget-text-editor\" data-id=\"4aab3078\" data-element_type=\"widget\" data-e-type=\"widget\" data-widget_type=\"text-editor.default\">\n\t\t\t\t<div class=\"elementor-widget-container\">\n\t\t\t\t\t\t\t\t\t<ul data-start=\"1041\" data-end=\"1257\"><li data-start=\"1041\" data-end=\"1064\"><p data-start=\"1043\" data-end=\"1064\">Ac\u00e7\u00f5es: <strong data-start=\"1051\" data-end=\"1064\">30% a 90%<\/strong><\/p><\/li><li data-start=\"1065\" data-end=\"1101\"><p data-start=\"1067\" data-end=\"1101\">Obriga\u00e7\u00f5es do Tesouro: <strong data-start=\"1090\" data-end=\"1101\">at\u00e9 90%<\/strong><\/p><\/li><li data-start=\"1102\" data-end=\"1140\"><p data-start=\"1104\" data-end=\"1140\">Obriga\u00e7\u00f5es corporativas: <strong data-start=\"1129\" data-end=\"1140\">at\u00e9 20%<\/strong><\/p><\/li><li data-start=\"1141\" data-end=\"1180\"><p data-start=\"1143\" data-end=\"1180\">Certificados de Dep\u00f3sito: <strong data-start=\"1169\" data-end=\"1180\">at\u00e9 10%<\/strong><\/p><\/li><li data-start=\"1181\" data-end=\"1200\"><p data-start=\"1183\" data-end=\"1200\">REPO: <strong data-start=\"1189\" data-end=\"1200\">at\u00e9 25%<\/strong><\/p><\/li><li data-start=\"1201\" data-end=\"1230\"><p data-start=\"1203\" data-end=\"1230\">Papel Comercial: <strong data-start=\"1220\" data-end=\"1230\">at\u00e9 5%<\/strong><\/p><\/li><li data-start=\"1231\" data-end=\"1257\"><p data-start=\"1233\" data-end=\"1257\">Dep\u00f3sitos: <strong data-start=\"1244\" data-end=\"1257\">m\u00ednimo 2%<\/strong><\/p><\/li><\/ul>\t\t\t\t\t\t\t\t<\/div>\n\t\t\t\t<\/div>\n\t\t<div class=\"elementor-element elementor-element-d5ca19d e-flex e-con-boxed wpr-particle-no wpr-jarallax-no wpr-parallax-no wpr-sticky-section-no wpr-equal-height-no e-con e-parent\" data-id=\"d5ca19d\" data-element_type=\"container\" data-e-type=\"container\" data-settings=\"{&quot;_ha_eqh_enable&quot;:false}\">\n\t\t\t\t\t<div class=\"e-con-inner\">\n\t\t\t\t<div class=\"elementor-element elementor-element-ae4a3dd elementor-widget elementor-widget-button\" data-id=\"ae4a3dd\" data-element_type=\"widget\" data-e-type=\"widget\" data-widget_type=\"button.default\">\n\t\t\t\t<div class=\"elementor-widget-container\">\n\t\t\t\t\t\t\t\t\t<div class=\"elementor-button-wrapper\">\n\t\t\t\t\t<a class=\"elementor-button elementor-button-link elementor-size-sm\" href=\"https:\/\/wa.me\/+244932700527\">\n\t\t\t\t\t\t<span class=\"elementor-button-content-wrapper\">\n\t\t\t\t\t\t<span class=\"elementor-button-icon\">\n\t\t\t\t<i aria-hidden=\"true\" class=\"fab fa-whatsapp\"><\/i>\t\t\t<\/span>\n\t\t\t\t\t\t\t\t\t<span class=\"elementor-button-text\">Contacto<\/span>\n\t\t\t\t\t<\/span>\n\t\t\t\t\t<\/a>\n\t\t\t\t<\/div>\n\t\t\t\t\t\t\t\t<\/div>\n\t\t\t\t<\/div>\n\t\t\t\t\t<\/div>\n\t\t\t\t<\/div>\n\t\t\t\t<div class=\"elementor-element elementor-element-7278b245 elementor-widget elementor-widget-spacer\" data-id=\"7278b245\" data-element_type=\"widget\" data-e-type=\"widget\" data-widget_type=\"spacer.default\">\n\t\t\t\t<div class=\"elementor-widget-container\">\n\t\t\t\t\t\t\t<div class=\"elementor-spacer\">\n\t\t\t<div class=\"elementor-spacer-inner\"><\/div>\n\t\t<\/div>\n\t\t\t\t\t\t<\/div>\n\t\t\t\t<\/div>\n\t\t\t\t<div class=\"elementor-element elementor-element-4ec0ab98 elementor-widget elementor-widget-spacer\" data-id=\"4ec0ab98\" data-element_type=\"widget\" data-e-type=\"widget\" data-widget_type=\"spacer.default\">\n\t\t\t\t<div class=\"elementor-widget-container\">\n\t\t\t\t\t\t\t<div class=\"elementor-spacer\">\n\t\t\t<div class=\"elementor-spacer-inner\"><\/div>\n\t\t<\/div>\n\t\t\t\t\t\t<\/div>\n\t\t\t\t<\/div>\n\t\t\t\t\t<\/div>\n\t\t<\/div>\n\t\t\t\t\t<\/div>\n\t\t<\/section>\n\t\t\t\t<\/div>\n\t\t","protected":false},"excerpt":{"rendered":"<p>BFAAM EMERGING INCOME FUND Fundo Especial de Investimento em Valores Mobili\u00e1rios Fechado OBJECTIVOS DO FUNDO:\u2022 Exposi\u00e7\u00e3o em mercados emergentes\u2022 Diversifica\u00e7\u00e3o geogr\u00e1fica\u2022 Prote\u00e7\u00e3o cambial P\u00daBLICO-ALVO:\u2022 Institucionais e individuais VALOR DA UNIDADE DE PARTICIPA\u00c7\u00c3O (UP): 1.000 KZ VALOR M\u00cdNIMO DE SUBSCRI\u00c7\u00c3O: 100.000 KZ PER\u00cdODO DE SUBSCRI\u00c7\u00c3O: 30\/10\/2025 a 30\/12\/2025 Maturidade:&nbsp;10 anos LIQUIDEZ:\u2022 Cota\u00e7\u00f5es di\u00e1rias em mercados secund\u00e1rios VOLUME TOTAL DO FUNDO: 10.000.000.000 KZ TIPO DE SUBSCRI\u00c7\u00c3O: P\u00fablica Composi\u00e7\u00e3o da Carteira e Limites de Investimento (principais) Ac\u00e7\u00f5es: 30% a 90% Obriga\u00e7\u00f5es do Tesouro: at\u00e9 90% Obriga\u00e7\u00f5es corporativas: at\u00e9 20% Certificados de Dep\u00f3sito: at\u00e9 10% REPO: at\u00e9 25% Papel Comercial: at\u00e9 5% Dep\u00f3sitos: m\u00ednimo 2% Contacto<\/p>\n","protected":false},"author":4,"featured_media":0,"parent":0,"menu_order":0,"comment_status":"closed","ping_status":"closed","template":"elementor_canvas","meta":{"_eb_attr":"","_uag_custom_page_level_css":"","two_page_speed":[],"_joinchat":[],"footnotes":""},"class_list":["post-8523","page","type-page","status-publish","hentry"],"uagb_featured_image_src":{"full":false,"thumbnail":false,"medium":false,"medium_large":false,"large":false,"1536x1536":false,"2048x2048":false,"trp-custom-language-flag":false,"htmega_size_585x295":false,"htmega_size_1170x536":false,"htmega_size_396x360":false,"mailpoet_newsletter_max":false,"tenweb_optimizer_mobile":false,"tenweb_optimizer_tablet":false},"uagb_author_info":{"display_name":"Manuel Gaspar","author_link":"https:\/\/lucrumtrust.ao\/index.php\/author\/manuelgasparcassule88gmail-com\/"},"uagb_comment_info":0,"uagb_excerpt":"BFAAM EMERGING INCOME FUND Fundo Especial de Investimento em Valores Mobili\u00e1rios Fechado OBJECTIVOS DO FUNDO:\u2022 Exposi\u00e7\u00e3o em mercados emergentes\u2022 Diversifica\u00e7\u00e3o geogr\u00e1fica\u2022 Prote\u00e7\u00e3o cambial P\u00daBLICO-ALVO:\u2022 Institucionais e individuais VALOR DA UNIDADE DE PARTICIPA\u00c7\u00c3O (UP): 1.000 KZ VALOR M\u00cdNIMO DE SUBSCRI\u00c7\u00c3O: 100.000 KZ PER\u00cdODO DE SUBSCRI\u00c7\u00c3O: 30\/10\/2025 a 30\/12\/2025 Maturidade:&nbsp;10 anos LIQUIDEZ:\u2022 Cota\u00e7\u00f5es di\u00e1rias em mercados secund\u00e1rios&hellip;","jetpack_sharing_enabled":true,"_links":{"self":[{"href":"https:\/\/lucrumtrust.ao\/index.php\/wp-json\/wp\/v2\/pages\/8523","targetHints":{"allow":["GET"]}}],"collection":[{"href":"https:\/\/lucrumtrust.ao\/index.php\/wp-json\/wp\/v2\/pages"}],"about":[{"href":"https:\/\/lucrumtrust.ao\/index.php\/wp-json\/wp\/v2\/types\/page"}],"author":[{"embeddable":true,"href":"https:\/\/lucrumtrust.ao\/index.php\/wp-json\/wp\/v2\/users\/4"}],"replies":[{"embeddable":true,"href":"https:\/\/lucrumtrust.ao\/index.php\/wp-json\/wp\/v2\/comments?post=8523"}],"version-history":[{"count":3,"href":"https:\/\/lucrumtrust.ao\/index.php\/wp-json\/wp\/v2\/pages\/8523\/revisions"}],"predecessor-version":[{"id":8670,"href":"https:\/\/lucrumtrust.ao\/index.php\/wp-json\/wp\/v2\/pages\/8523\/revisions\/8670"}],"wp:attachment":[{"href":"https:\/\/lucrumtrust.ao\/index.php\/wp-json\/wp\/v2\/media?parent=8523"}],"curies":[{"name":"wp","href":"https:\/\/api.w.org\/{rel}","templated":true}]}}