{"id":305,"date":"2021-12-24T07:48:46","date_gmt":"2021-12-24T07:48:46","guid":{"rendered":"https:\/\/demosites.royal-elementor-addons.com\/nature-v1\/?page_id=305"},"modified":"2021-12-24T07:48:46","modified_gmt":"2021-12-24T07:48:46","slug":"projects","status":"publish","type":"page","link":"https:\/\/lucrumtrust.ao\/index.php\/projects\/","title":{"rendered":"Projects"},"content":{"rendered":"\t\t<div data-elementor-type=\"wp-page\" data-elementor-id=\"305\" class=\"elementor elementor-305\" data-elementor-settings=\"{&quot;ha_cmc_init_switcher&quot;:&quot;no&quot;}\">\n\t\t\t\t\t\t<section class=\"elementor-section elementor-top-section elementor-element elementor-element-b679935 elementor-section-boxed elementor-section-height-default elementor-section-height-default wpr-particle-no wpr-jarallax-no wpr-parallax-no wpr-sticky-section-no wpr-equal-height-no\" data-id=\"b679935\" data-element_type=\"section\" data-e-type=\"section\" data-settings=\"{&quot;background_background&quot;:&quot;classic&quot;,&quot;_ha_eqh_enable&quot;:false}\">\n\t\t\t\t\t\t\t<div class=\"elementor-background-overlay\"><\/div>\n\t\t\t\t\t\t\t<div class=\"elementor-container elementor-column-gap-default\">\n\t\t\t\t\t<div class=\"elementor-column elementor-col-100 elementor-top-column elementor-element elementor-element-2fa5267\" data-id=\"2fa5267\" data-element_type=\"column\" data-e-type=\"column\">\n\t\t\t<div class=\"elementor-widget-wrap elementor-element-populated\">\n\t\t\t\t\t\t<div class=\"elementor-element elementor-element-f1bf96d elementor-widget elementor-widget-heading\" data-id=\"f1bf96d\" data-element_type=\"widget\" data-e-type=\"widget\" data-widget_type=\"heading.default\">\n\t\t\t\t<div class=\"elementor-widget-container\">\n\t\t\t\t\t<h2 class=\"elementor-heading-title elementor-size-default\">Projects<\/h2>\t\t\t\t<\/div>\n\t\t\t\t<\/div>\n\t\t\t\t\t<\/div>\n\t\t<\/div>\n\t\t\t\t\t<\/div>\n\t\t<\/section>\n\t\t\t\t<section class=\"elementor-section elementor-top-section elementor-element elementor-element-c738529 elementor-section-boxed elementor-section-height-default elementor-section-height-default wpr-particle-no wpr-jarallax-no wpr-parallax-no wpr-sticky-section-no wpr-equal-height-no\" data-id=\"c738529\" data-element_type=\"section\" data-e-type=\"section\" data-settings=\"{&quot;_ha_eqh_enable&quot;:false}\">\n\t\t\t\t\t\t<div class=\"elementor-container elementor-column-gap-default\">\n\t\t\t\t\t<div class=\"elementor-column elementor-col-100 elementor-top-column elementor-element elementor-element-6d37d7a\" data-id=\"6d37d7a\" data-element_type=\"column\" data-e-type=\"column\">\n\t\t\t<div class=\"elementor-widget-wrap elementor-element-populated\">\n\t\t\t\t\t\t<div class=\"elementor-element elementor-element-ece59c7 wpr-grid-columns-3 wpr-grid-columns--tablet2 wpr-grid-columns--mobile1 wpr-grid-pagination-center wpr-item-styles-inner elementor-widget elementor-widget-wpr-grid\" data-id=\"ece59c7\" data-element_type=\"widget\" data-e-type=\"widget\" data-widget_type=\"wpr-grid.default\">\n\t\t\t\t<div class=\"elementor-widget-container\">\n\t\t\t\t\t<ul class=\"wpr-grid-filters elementor-clearfix wpr-grid-filters-sep-right\"><li class=\" wpr-pointer-none wpr-pointer-line-fx wpr-pointer-fx-none\"><span  data-filter=\"*\" class=\"wpr-grid-filters-item wpr-active-filter \">All Post<\/span><em class=\"wpr-grid-filters-sep\"><\/em><\/li><li class=\" wpr-pointer-none wpr-pointer-line-fx wpr-pointer-fx-none\"><span   data-ajax-filter=[\"category\",\"biking\"]  data-filter=\".category-biking\">Biking<\/span><em class=\"wpr-grid-filters-sep\"><\/em><\/li><li class=\" wpr-pointer-none wpr-pointer-line-fx wpr-pointer-fx-none\"><span   data-ajax-filter=[\"category\",\"camping\"]  data-filter=\".category-camping\">Camping<\/span><em class=\"wpr-grid-filters-sep\"><\/em><\/li><li class=\" wpr-pointer-none wpr-pointer-line-fx wpr-pointer-fx-none\"><span   data-ajax-filter=[\"category\",\"hiking\"]  data-filter=\".category-hiking\">Hiking<\/span><em class=\"wpr-grid-filters-sep\"><\/em><\/li><li class=\" wpr-pointer-none wpr-pointer-line-fx wpr-pointer-fx-none\"><span   data-ajax-filter=[\"category\",\"inovacao\"]  data-filter=\".category-inovacao\">Inova\u00e7\u00e3o<\/span><em class=\"wpr-grid-filters-sep\"><\/em><\/li><li class=\" wpr-pointer-none wpr-pointer-line-fx wpr-pointer-fx-none\"><span   data-ajax-filter=[\"category\",\"noticias\"]  data-filter=\".category-noticias\">Not\u00edcias<\/span><em class=\"wpr-grid-filters-sep\"><\/em><\/li><li class=\" wpr-pointer-none wpr-pointer-line-fx wpr-pointer-fx-none\"><span   data-ajax-filter=[\"category\",\"sem-categoria\"]  data-filter=\".category-sem-categoria\">Sem categoria<\/span><em class=\"wpr-grid-filters-sep\"><\/em><\/li><li class=\" wpr-pointer-none wpr-pointer-line-fx wpr-pointer-fx-none\"><span   data-ajax-filter=[\"category\",\"surfing\"]  data-filter=\".category-surfing\">Surfing<\/span><em class=\"wpr-grid-filters-sep\"><\/em><\/li><\/ul><section class=\"wpr-grid elementor-clearfix\" data-settings=\"{&quot;layout&quot;:&quot;fitRows&quot;,&quot;stick_last_element_to_bottom&quot;:&quot;&quot;,&quot;columns_desktop&quot;:3,&quot;gutter_hr&quot;:15,&quot;gutter_hr_mobile&quot;:15,&quot;gutter_hr_mobile_extra&quot;:15,&quot;gutter_hr_tablet&quot;:15,&quot;gutter_hr_tablet_extra&quot;:15,&quot;gutter_hr_laptop&quot;:15,&quot;gutter_hr_widescreen&quot;:15,&quot;gutter_vr&quot;:40,&quot;gutter_vr_mobile&quot;:40,&quot;gutter_vr_mobile_extra&quot;:40,&quot;gutter_vr_tablet&quot;:40,&quot;gutter_vr_tablet_extra&quot;:40,&quot;gutter_vr_laptop&quot;:40,&quot;gutter_vr_widescreen&quot;:40,&quot;animation&quot;:&quot;default&quot;,&quot;animation_duration&quot;:0.3,&quot;animation_delay&quot;:0.1,&quot;deeplinking&quot;:&quot;&quot;,&quot;filters_linkable&quot;:&quot;no&quot;,&quot;filters_default_filter&quot;:&quot;&quot;,&quot;filters_count&quot;:&quot;&quot;,&quot;filters_hide_empty&quot;:&quot;no&quot;,&quot;filters_animation&quot;:&quot;default&quot;,&quot;filters_animation_duration&quot;:0.3,&quot;filters_animation_delay&quot;:0.1,&quot;pagination_type&quot;:&quot;load-more&quot;,&quot;pagination_max_pages&quot;:1,&quot;lightbox&quot;:{&quot;selector&quot;:&quot;.wpr-grid-image-wrap&quot;,&quot;iframeMaxWidth&quot;:&quot;60%&quot;,&quot;hash&quot;:false,&quot;autoplay&quot;:&quot;true&quot;,&quot;pause&quot;:5000,&quot;progressBar&quot;:&quot;true&quot;,&quot;counter&quot;:&quot;true&quot;,&quot;controls&quot;:&quot;true&quot;,&quot;getCaptionFromTitleOrAlt&quot;:&quot;true&quot;,&quot;thumbnail&quot;:&quot;&quot;,&quot;showThumbByDefault&quot;:&quot;&quot;,&quot;share&quot;:&quot;&quot;,&quot;zoom&quot;:&quot;true&quot;,&quot;fullScreen&quot;:&quot;true&quot;,&quot;download&quot;:&quot;true&quot;}}\" data-advanced-filters=\"no\"><article class=\"wpr-grid-item elementor-clearfix post-5013 post type-post status-publish format-standard hentry category-sem-categoria\"><div class=\"wpr-grid-item-inner\"><div class=\"wpr-grid-item-below-content elementor-clearfix\"><h2 class=\"wpr-grid-item-title elementor-repeater-item-5856a5b wpr-grid-item-display-block wpr-grid-item-align-left wpr-pointer-none wpr-pointer-line-fx wpr-pointer-fx-fade\"><div class=\"inner-block\"><a target=\"_self\"  href=\"https:\/\/lucrumtrust.ao\/index.php\/2024\/01\/18\/comunidade-financeira-mantem-confianca-no-mercado-de-capitais\/\">Comunidade financeira mant\u00e9m confian\u00e7a no mercado de capitais<\/a><\/div><\/h2><div class=\"wpr-grid-item-date elementor-repeater-item-405f9fe wpr-grid-item-display-inline wpr-grid-item-align-left\"><div class=\"inner-block\"><span>18 de Janeiro, 2024<span class=\"wpr-grid-extra-text-right\">\/<\/span><\/span><\/div><\/div><div class=\"wpr-grid-item-comments elementor-repeater-item-633b44f wpr-grid-item-display-inline wpr-grid-item-align-left\"><div class=\"inner-block\"><a href=\"https:\/\/lucrumtrust.ao\/index.php\/2024\/01\/18\/comunidade-financeira-mantem-confianca-no-mercado-de-capitais\/#respond\"><span>No Comments<\/span><\/a><\/div><\/div><div class=\"wpr-grid-item-excerpt elementor-repeater-item-fba8c1b wpr-grid-item-display-block wpr-grid-item-align-left\"><div class=\"inner-block\"><p>\u00a0Luanda &#8211; Mais de 73 por cento da comunidade financeira mant\u00e9m um elevado n\u00edvel de confian\u00e7a\u00a0 nas actuais pr\u00e1ticas e...<\/p><\/div><\/div><div class=\"wpr-grid-item-read-more elementor-repeater-item-dbe3248 wpr-grid-item-display-block wpr-grid-item-align-left\"><div class=\"inner-block\"><a target=\"_self\" href=\"https:\/\/lucrumtrust.ao\/index.php\/2024\/01\/18\/comunidade-financeira-mantem-confianca-no-mercado-de-capitais\/\" class=\"wpr-button-effect wpr-button-none\"><span>Read More<\/span><\/a><\/div><\/div><\/div><\/div><\/article><article class=\"wpr-grid-item elementor-clearfix post-4997 post type-post status-publish format-standard hentry category-sem-categoria\"><div class=\"wpr-grid-item-inner\"><div class=\"wpr-grid-item-below-content elementor-clearfix\"><h2 class=\"wpr-grid-item-title elementor-repeater-item-5856a5b wpr-grid-item-display-block wpr-grid-item-align-left wpr-pointer-none wpr-pointer-line-fx wpr-pointer-fx-fade\"><div class=\"inner-block\"><a target=\"_self\"  href=\"https:\/\/lucrumtrust.ao\/index.php\/2024\/01\/09\/governo-ja-comecou-a-emitir-divida-publica-para-ir-buscar-15-bilioes-kz-em-ot-e-btpara-ajudar-a-financiar-oge\/\">Governo j\u00e1 come\u00e7ou a emitir d\u00edvida p\u00fablica para ir buscar 1,5 bili\u00f5es Kz em OT E BT para ajudar a&hellip;<\/a><\/div><\/h2><div class=\"wpr-grid-item-date elementor-repeater-item-405f9fe wpr-grid-item-display-inline wpr-grid-item-align-left\"><div class=\"inner-block\"><span>9 de Janeiro, 2024<span class=\"wpr-grid-extra-text-right\">\/<\/span><\/span><\/div><\/div><div class=\"wpr-grid-item-comments elementor-repeater-item-633b44f wpr-grid-item-display-inline wpr-grid-item-align-left\"><div class=\"inner-block\"><a href=\"https:\/\/lucrumtrust.ao\/index.php\/2024\/01\/09\/governo-ja-comecou-a-emitir-divida-publica-para-ir-buscar-15-bilioes-kz-em-ot-e-btpara-ajudar-a-financiar-oge\/#respond\"><span>No Comments<\/span><\/a><\/div><\/div><div class=\"wpr-grid-item-excerpt elementor-repeater-item-fba8c1b wpr-grid-item-display-block wpr-grid-item-align-left\"><div class=\"inner-block\"><p>O Governo vai recorrer \u00e0 emiss\u00e3o de t\u00edtulos da D\u00edvida P\u00fablica Directa, neste caso Obriga\u00e7\u00f5es do Tesouro em d\u00f3lares norte-americanosat\u00e9...<\/p><\/div><\/div><div class=\"wpr-grid-item-read-more elementor-repeater-item-dbe3248 wpr-grid-item-display-block wpr-grid-item-align-left\"><div class=\"inner-block\"><a target=\"_self\" href=\"https:\/\/lucrumtrust.ao\/index.php\/2024\/01\/09\/governo-ja-comecou-a-emitir-divida-publica-para-ir-buscar-15-bilioes-kz-em-ot-e-btpara-ajudar-a-financiar-oge\/\" class=\"wpr-button-effect wpr-button-none\"><span>Read More<\/span><\/a><\/div><\/div><\/div><\/div><\/article><article class=\"wpr-grid-item elementor-clearfix post-4240 post type-post status-publish format-standard hentry category-sem-categoria\"><div class=\"wpr-grid-item-inner\"><div class=\"wpr-grid-item-below-content elementor-clearfix\"><h2 class=\"wpr-grid-item-title elementor-repeater-item-5856a5b wpr-grid-item-display-block wpr-grid-item-align-left wpr-pointer-none wpr-pointer-line-fx wpr-pointer-fx-fade\"><div class=\"inner-block\"><a target=\"_self\"  href=\"https:\/\/lucrumtrust.ao\/index.php\/2023\/12\/12\/angola-aprova-lei-sobre-a-mineracao-de-criptomoedas\/\">Angola aprova lei sobre a minera\u00e7\u00e3o de criptomoedas<\/a><\/div><\/h2><div class=\"wpr-grid-item-date elementor-repeater-item-405f9fe wpr-grid-item-display-inline wpr-grid-item-align-left\"><div class=\"inner-block\"><span>12 de Dezembro, 2023<span class=\"wpr-grid-extra-text-right\">\/<\/span><\/span><\/div><\/div><div class=\"wpr-grid-item-comments elementor-repeater-item-633b44f wpr-grid-item-display-inline wpr-grid-item-align-left\"><div class=\"inner-block\"><a href=\"https:\/\/lucrumtrust.ao\/index.php\/2023\/12\/12\/angola-aprova-lei-sobre-a-mineracao-de-criptomoedas\/#respond\"><span>No Comments<\/span><\/a><\/div><\/div><div class=\"wpr-grid-item-excerpt elementor-repeater-item-fba8c1b wpr-grid-item-display-block wpr-grid-item-align-left\"><div class=\"inner-block\"><p>\u00a0 \u00a0 A Proposta de Lei sobre Minera\u00e7\u00e3o de Criptomoedas e Outros Activos Virtuais, apreciada inicialmente a 26 de Julho...<\/p><\/div><\/div><div class=\"wpr-grid-item-read-more elementor-repeater-item-dbe3248 wpr-grid-item-display-block wpr-grid-item-align-left\"><div class=\"inner-block\"><a target=\"_self\" href=\"https:\/\/lucrumtrust.ao\/index.php\/2023\/12\/12\/angola-aprova-lei-sobre-a-mineracao-de-criptomoedas\/\" class=\"wpr-button-effect wpr-button-none\"><span>Read More<\/span><\/a><\/div><\/div><\/div><\/div><\/article><article class=\"wpr-grid-item elementor-clearfix post-3913 post type-post status-publish format-standard hentry category-sem-categoria\"><div class=\"wpr-grid-item-inner\"><div class=\"wpr-grid-item-below-content elementor-clearfix\"><h2 class=\"wpr-grid-item-title elementor-repeater-item-5856a5b wpr-grid-item-display-block wpr-grid-item-align-left wpr-pointer-none wpr-pointer-line-fx wpr-pointer-fx-fade\"><div class=\"inner-block\"><a target=\"_self\"  href=\"https:\/\/lucrumtrust.ao\/index.php\/2023\/10\/04\/semana-mundial-do-investidor-2023\/\">Semana Mundial do Investidor &#8211; 2023<\/a><\/div><\/h2><div class=\"wpr-grid-item-date elementor-repeater-item-405f9fe wpr-grid-item-display-inline wpr-grid-item-align-left\"><div class=\"inner-block\"><span>4 de Outubro, 2023<span class=\"wpr-grid-extra-text-right\">\/<\/span><\/span><\/div><\/div><div class=\"wpr-grid-item-comments elementor-repeater-item-633b44f wpr-grid-item-display-inline wpr-grid-item-align-left\"><div class=\"inner-block\"><a href=\"https:\/\/lucrumtrust.ao\/index.php\/2023\/10\/04\/semana-mundial-do-investidor-2023\/#respond\"><span>No Comments<\/span><\/a><\/div><\/div><div class=\"wpr-grid-item-excerpt elementor-repeater-item-fba8c1b wpr-grid-item-display-block wpr-grid-item-align-left\"><div class=\"inner-block\"><p>\u00e9 uma campanha global de prote\u00e7\u00e3o e educa\u00e7\u00e3o dos investidores, bem como educa\u00e7\u00e3o financeira. Promovida pela Organiza\u00e7\u00e3o Internacional das Comiss\u00f5es...<\/p><\/div><\/div><div class=\"wpr-grid-item-read-more elementor-repeater-item-dbe3248 wpr-grid-item-display-block wpr-grid-item-align-left\"><div class=\"inner-block\"><a target=\"_self\" href=\"https:\/\/lucrumtrust.ao\/index.php\/2023\/10\/04\/semana-mundial-do-investidor-2023\/\" class=\"wpr-button-effect wpr-button-none\"><span>Read More<\/span><\/a><\/div><\/div><\/div><\/div><\/article><article class=\"wpr-grid-item elementor-clearfix post-3861 post type-post status-publish format-standard has-post-thumbnail hentry category-sem-categoria\"><div class=\"wpr-grid-item-inner\"><div class=\"wpr-grid-media-wrap wpr-effect-size-medium \" data-overlay-link=\"yes\"><div class=\"wpr-grid-image-wrap\" data-src=\"https:\/\/lucrumtrust.ao\/wp-content\/uploads\/2023\/08\/6492e4568fdd941d067d05d4_LucrumTrust-3.jpg\" data-img-on-hover=\"\"  data-src-secondary=\"\"><img decoding=\"async\" data-no-lazy=\"1\" src=\"https:\/\/lucrumtrust.ao\/wp-content\/uploads\/2023\/08\/6492e4568fdd941d067d05d4_LucrumTrust-3.jpg\" alt=\"Lan\u00e7amento da Lucrum Trust\" class=\"wpr-anim-timing-ease-default\"><\/div><div class=\"wpr-grid-media-hover wpr-animation-wrap\"><div class=\"wpr-grid-media-hover-bg  wpr-overlay-fade-in wpr-anim-size-large wpr-anim-timing-ease-default wpr-anim-transparency\" data-url=\"https:\/\/lucrumtrust.ao\/index.php\/2023\/08\/16\/lancamento-da-lucrum-trust\/\"><\/div><\/div><\/div><div class=\"wpr-grid-item-below-content elementor-clearfix\"><h2 class=\"wpr-grid-item-title elementor-repeater-item-5856a5b wpr-grid-item-display-block wpr-grid-item-align-left wpr-pointer-none wpr-pointer-line-fx wpr-pointer-fx-fade\"><div class=\"inner-block\"><a target=\"_self\"  href=\"https:\/\/lucrumtrust.ao\/index.php\/2023\/08\/16\/lancamento-da-lucrum-trust\/\">Lan\u00e7amento da Lucrum Trust<\/a><\/div><\/h2><div class=\"wpr-grid-item-date elementor-repeater-item-405f9fe wpr-grid-item-display-inline wpr-grid-item-align-left\"><div class=\"inner-block\"><span>16 de Agosto, 2023<span class=\"wpr-grid-extra-text-right\">\/<\/span><\/span><\/div><\/div><div class=\"wpr-grid-item-comments elementor-repeater-item-633b44f wpr-grid-item-display-inline wpr-grid-item-align-left\"><div class=\"inner-block\"><a href=\"https:\/\/lucrumtrust.ao\/index.php\/2023\/08\/16\/lancamento-da-lucrum-trust\/#respond\"><span>No Comments<\/span><\/a><\/div><\/div><div class=\"wpr-grid-item-excerpt elementor-repeater-item-fba8c1b wpr-grid-item-display-block wpr-grid-item-align-left\"><div class=\"inner-block\"><p>A Lucrum Trust, nesta ter\u00e7a feira, 20 de Junho, do \u2018I\u00ba F\u00f3rum Lucrum trust SCVM\u2019 que, entre outros temas, vai...<\/p><\/div><\/div><div class=\"wpr-grid-item-read-more elementor-repeater-item-dbe3248 wpr-grid-item-display-block wpr-grid-item-align-left\"><div class=\"inner-block\"><a target=\"_self\" href=\"https:\/\/lucrumtrust.ao\/index.php\/2023\/08\/16\/lancamento-da-lucrum-trust\/\" class=\"wpr-button-effect wpr-button-none\"><span>Read More<\/span><\/a><\/div><\/div><\/div><\/div><\/article><\/section>\t\t\t\t<\/div>\n\t\t\t\t<\/div>\n\t\t\t\t\t<\/div>\n\t\t<\/div>\n\t\t\t\t\t<\/div>\n\t\t<\/section>\n\t\t\t\t<\/div>\n\t\t","protected":false},"excerpt":{"rendered":"<p>Projects All Post Biking Camping Hiking Surfing Green Fields for Biking December 24, 2021\/No Comments Tolerably earnestly middleton extremely distrusts she boy now not. Add and offered prepare how cordial two promise. Greatly who affixed&hellip; Read More Summer in New Zealand December 24, 2021\/No Comments Tolerably earnestly middleton extremely distrusts she boy now not. Add and offered prepare how cordial two promise. Greatly who affixed&hellip; Read More River Activities December 24, 2021\/No Comments Tolerably earnestly middleton extremely distrusts she boy now not. Add and offered prepare how cordial two promise. Greatly who affixed&hellip; Read More Winter Travel Guide December 24, 2021\/No Comments Tolerably earnestly middleton extremely distrusts she boy now not. Add and offered prepare how cordial two promise. Greatly who affixed&hellip; Read More Rocky Mountains December 24, 2021\/No Comments Tolerably earnestly middleton extremely distrusts she boy now not. Add and offered prepare how cordial two promise. Greatly who affixed&hellip; Read More Winter Destinations December 24, 2021\/No Comments Tolerably earnestly Middleton extremely distrusts she boy now not. Add and offered prepare how cordial two promise. Greatly who affixed&hellip; Read More<\/p>\n","protected":false},"author":1,"featured_media":0,"parent":0,"menu_order":0,"comment_status":"closed","ping_status":"closed","template":"elementor_canvas","meta":{"_eb_attr":"","_uag_custom_page_level_css":"","two_page_speed":[],"_joinchat":[],"footnotes":""},"class_list":["post-305","page","type-page","status-publish","hentry"],"uagb_featured_image_src":{"full":false,"thumbnail":false,"medium":false,"medium_large":false,"large":false,"1536x1536":false,"2048x2048":false,"trp-custom-language-flag":false,"htmega_size_585x295":false,"htmega_size_1170x536":false,"htmega_size_396x360":false,"mailpoet_newsletter_max":false,"tenweb_optimizer_mobile":false,"tenweb_optimizer_tablet":false},"uagb_author_info":{"display_name":"francisco.capita","author_link":"https:\/\/lucrumtrust.ao\/index.php\/author\/francisco-capita\/"},"uagb_comment_info":0,"uagb_excerpt":"Projects All Post Biking Camping Hiking Surfing Green Fields for Biking December 24, 2021\/No Comments Tolerably earnestly middleton extremely distrusts she boy now not. Add and offered prepare how cordial two promise. Greatly who affixed&hellip; Read More Summer in New Zealand December 24, 2021\/No Comments Tolerably earnestly middleton extremely distrusts she boy now not. Add&hellip;","jetpack_sharing_enabled":true,"_links":{"self":[{"href":"https:\/\/lucrumtrust.ao\/index.php\/wp-json\/wp\/v2\/pages\/305","targetHints":{"allow":["GET"]}}],"collection":[{"href":"https:\/\/lucrumtrust.ao\/index.php\/wp-json\/wp\/v2\/pages"}],"about":[{"href":"https:\/\/lucrumtrust.ao\/index.php\/wp-json\/wp\/v2\/types\/page"}],"author":[{"embeddable":true,"href":"https:\/\/lucrumtrust.ao\/index.php\/wp-json\/wp\/v2\/users\/1"}],"replies":[{"embeddable":true,"href":"https:\/\/lucrumtrust.ao\/index.php\/wp-json\/wp\/v2\/comments?post=305"}],"version-history":[{"count":0,"href":"https:\/\/lucrumtrust.ao\/index.php\/wp-json\/wp\/v2\/pages\/305\/revisions"}],"wp:attachment":[{"href":"https:\/\/lucrumtrust.ao\/index.php\/wp-json\/wp\/v2\/media?parent=305"}],"curies":[{"name":"wp","href":"https:\/\/api.w.org\/{rel}","templated":true}]}}