{"id":2149,"date":"2023-05-03T08:58:35","date_gmt":"2023-05-03T08:58:35","guid":{"rendered":"https:\/\/lucrumtrust.ao\/?page_id=2149"},"modified":"2023-06-08T18:50:51","modified_gmt":"2023-06-08T18:50:51","slug":"repos","status":"publish","type":"page","link":"https:\/\/lucrumtrust.ao\/index.php\/repos\/","title":{"rendered":"Rep\u00f4s"},"content":{"rendered":"\t\t<div data-elementor-type=\"wp-page\" data-elementor-id=\"2149\" class=\"elementor elementor-2149\" data-elementor-settings=\"{&quot;ha_cmc_init_switcher&quot;:&quot;no&quot;}\">\n\t\t\t\t\t\t<section class=\"elementor-section elementor-top-section elementor-element elementor-element-590bcf6e elementor-section-height-min-height elementor-section-content-middle elementor-section-full_width elementor-section-height-default elementor-section-items-middle wpr-particle-no wpr-jarallax-no wpr-parallax-no wpr-sticky-section-no wpr-equal-height-no\" data-id=\"590bcf6e\" data-element_type=\"section\" data-e-type=\"section\" data-settings=\"{&quot;background_background&quot;:&quot;classic&quot;,&quot;_ha_eqh_enable&quot;:false}\">\n\t\t\t\t\t\t\t<div class=\"elementor-background-overlay\"><\/div>\n\t\t\t\t\t\t\t<div class=\"elementor-container elementor-column-gap-default\">\n\t\t\t\t\t<div class=\"elementor-column elementor-col-100 elementor-top-column elementor-element elementor-element-74b706a7\" data-id=\"74b706a7\" data-element_type=\"column\" data-e-type=\"column\">\n\t\t\t<div class=\"elementor-widget-wrap elementor-element-populated\">\n\t\t\t\t\t\t<div class=\"elementor-element elementor-element-e0286a8 wpr-fancy-text-rotate-1 wpr-advanced-text-style-animated wpr-animated-text-infinite-yes elementor-widget elementor-widget-wpr-advanced-text\" data-id=\"e0286a8\" data-element_type=\"widget\" data-e-type=\"widget\" data-settings=\"{&quot;anim_loop&quot;:&quot;yes&quot;}\" data-widget_type=\"wpr-advanced-text.default\">\n\t\t\t\t<div class=\"elementor-widget-container\">\n\t\t\t\t\t\n\t\t<h3 class=\"wpr-advanced-text\">\n\n\t\t\t\t\t\n\t\t\t\t\t\t\t<span class=\"wpr-advanced-text-preffix\">REP\u00d4S<\/span>\n\t\t\t\n\t\t<span class=\"wpr-anim-text wpr-anim-text-type-rotate-1\" data-anim-duration=\"1000,2000\" data-anim-loop=\"yes\">\n\t\t\t<span class=\"wpr-anim-text-inner\">\n\t\t\t\t\t\t\t<\/span>\n\t\t\t\t\t<\/span>\n\n\t\t\t\t\n\t\t<\/h3>\n\t\t\n\t\t\t\t\t\t<\/div>\n\t\t\t\t<\/div>\n\t\t\t\t\t<\/div>\n\t\t<\/div>\n\t\t\t\t\t<\/div>\n\t\t<\/section>\n\t\t\t\t<section class=\"elementor-section elementor-top-section elementor-element elementor-element-378655a5 elementor-reverse-tablet elementor-reverse-mobile elementor-section-boxed elementor-section-height-default elementor-section-height-default wpr-particle-no wpr-jarallax-no wpr-parallax-no wpr-sticky-section-no wpr-equal-height-no\" data-id=\"378655a5\" data-element_type=\"section\" data-e-type=\"section\" data-settings=\"{&quot;background_background&quot;:&quot;classic&quot;,&quot;_ha_eqh_enable&quot;:false}\">\n\t\t\t\t\t\t\t<div class=\"elementor-background-overlay\"><\/div>\n\t\t\t\t\t\t\t<div class=\"elementor-container elementor-column-gap-default\">\n\t\t\t\t\t<div class=\"elementor-column elementor-col-100 elementor-top-column elementor-element elementor-element-52991868\" data-id=\"52991868\" data-element_type=\"column\" data-e-type=\"column\" data-settings=\"{&quot;background_background&quot;:&quot;classic&quot;}\">\n\t\t\t<div class=\"elementor-widget-wrap elementor-element-populated\">\n\t\t\t\t\t\t<div class=\"elementor-element elementor-element-18b470ae elementor-widget elementor-widget-text-editor\" data-id=\"18b470ae\" data-element_type=\"widget\" data-e-type=\"widget\" data-widget_type=\"text-editor.default\">\n\t\t\t\t<div class=\"elementor-widget-container\">\n\t\t\t\t\t\t\t\t\t<p>\u00c9 um&nbsp;acordo de recompra&nbsp; tamb\u00e9m conhecido como Rep\u00f4,&nbsp;RP&nbsp;ou&nbsp;acordo de venda e recompra,&nbsp;\u00e9 uma forma de empr\u00e9stimo de curto prazo, principalmente em T\u00edtulos do Governo. O corretor vende o t\u00edtulo-objeto aos investidores e, por acordo entre as duas partes, os compra de volta logo depois, geralmente no dia seguinte, a um pre\u00e7o um pouco mais alto.<\/p>\t\t\t\t\t\t\t\t<\/div>\n\t\t\t\t<\/div>\n\t\t\t\t<div class=\"elementor-element elementor-element-727841e4 elementor-widget elementor-widget-spacer\" data-id=\"727841e4\" data-element_type=\"widget\" data-e-type=\"widget\" data-widget_type=\"spacer.default\">\n\t\t\t\t<div class=\"elementor-widget-container\">\n\t\t\t\t\t\t\t<div class=\"elementor-spacer\">\n\t\t\t<div class=\"elementor-spacer-inner\"><\/div>\n\t\t<\/div>\n\t\t\t\t\t\t<\/div>\n\t\t\t\t<\/div>\n\t\t\t\t<div class=\"elementor-element elementor-element-6be0acb1 elementor-widget elementor-widget-spacer\" data-id=\"6be0acb1\" data-element_type=\"widget\" data-e-type=\"widget\" data-widget_type=\"spacer.default\">\n\t\t\t\t<div class=\"elementor-widget-container\">\n\t\t\t\t\t\t\t<div class=\"elementor-spacer\">\n\t\t\t<div class=\"elementor-spacer-inner\"><\/div>\n\t\t<\/div>\n\t\t\t\t\t\t<\/div>\n\t\t\t\t<\/div>\n\t\t\t\t\t<\/div>\n\t\t<\/div>\n\t\t\t\t\t<\/div>\n\t\t<\/section>\n\t\t\t\t<\/div>\n\t\t","protected":false},"excerpt":{"rendered":"<p>REP\u00d4S \u00c9 um&nbsp;acordo de recompra&nbsp; tamb\u00e9m conhecido como Rep\u00f4,&nbsp;RP&nbsp;ou&nbsp;acordo de venda e recompra,&nbsp;\u00e9 uma forma de empr\u00e9stimo de curto prazo, principalmente em T\u00edtulos do Governo. O corretor vende o t\u00edtulo-objeto aos investidores e, por acordo entre as duas partes, os compra de volta logo depois, geralmente no dia seguinte, a um pre\u00e7o um pouco mais alto.<\/p>\n","protected":false},"author":1,"featured_media":0,"parent":0,"menu_order":0,"comment_status":"closed","ping_status":"closed","template":"elementor_canvas","meta":{"_eb_attr":"","_uag_custom_page_level_css":"","two_page_speed":[],"_joinchat":[],"footnotes":""},"class_list":["post-2149","page","type-page","status-publish","hentry"],"uagb_featured_image_src":{"full":false,"thumbnail":false,"medium":false,"medium_large":false,"large":false,"1536x1536":false,"2048x2048":false,"trp-custom-language-flag":false,"htmega_size_585x295":false,"htmega_size_1170x536":false,"htmega_size_396x360":false,"mailpoet_newsletter_max":false,"tenweb_optimizer_mobile":false,"tenweb_optimizer_tablet":false},"uagb_author_info":{"display_name":"francisco.capita","author_link":"https:\/\/lucrumtrust.ao\/index.php\/author\/francisco-capita\/"},"uagb_comment_info":0,"uagb_excerpt":"REP\u00d4S \u00c9 um&nbsp;acordo de recompra&nbsp; tamb\u00e9m conhecido como Rep\u00f4,&nbsp;RP&nbsp;ou&nbsp;acordo de venda e recompra,&nbsp;\u00e9 uma forma de empr\u00e9stimo de curto prazo, principalmente em T\u00edtulos do Governo. O corretor vende o t\u00edtulo-objeto aos investidores e, por acordo entre as duas partes, os compra de volta logo depois, geralmente no dia seguinte, a um pre\u00e7o um pouco mais&hellip;","jetpack_sharing_enabled":true,"_links":{"self":[{"href":"https:\/\/lucrumtrust.ao\/index.php\/wp-json\/wp\/v2\/pages\/2149","targetHints":{"allow":["GET"]}}],"collection":[{"href":"https:\/\/lucrumtrust.ao\/index.php\/wp-json\/wp\/v2\/pages"}],"about":[{"href":"https:\/\/lucrumtrust.ao\/index.php\/wp-json\/wp\/v2\/types\/page"}],"author":[{"embeddable":true,"href":"https:\/\/lucrumtrust.ao\/index.php\/wp-json\/wp\/v2\/users\/1"}],"replies":[{"embeddable":true,"href":"https:\/\/lucrumtrust.ao\/index.php\/wp-json\/wp\/v2\/comments?post=2149"}],"version-history":[{"count":0,"href":"https:\/\/lucrumtrust.ao\/index.php\/wp-json\/wp\/v2\/pages\/2149\/revisions"}],"wp:attachment":[{"href":"https:\/\/lucrumtrust.ao\/index.php\/wp-json\/wp\/v2\/media?parent=2149"}],"curies":[{"name":"wp","href":"https:\/\/api.w.org\/{rel}","templated":true}]}}